{"id":24064,"date":"2017-09-08T16:13:20","date_gmt":"2017-09-08T14:13:20","guid":{"rendered":"https:\/\/www.mmgr.info\/?page_id=24064"},"modified":"2022-10-10T14:17:41","modified_gmt":"2022-10-10T12:17:41","slug":"item-for-sale-page","status":"publish","type":"page","link":"https:\/\/www.mmgr.info\/es\/item-for-sale-page\/","title":{"rendered":"En venta"},"content":{"rendered":"<div class=\"wpb-content-wrapper\"><p>[vc_row][vc_column][vc_custom_heading text=&#8221;Art\u00edculos actualmente en venta:&#8221; google_fonts=&#8221;font_family:Roboto%3A100%2C100italic%2C300%2C300italic%2Cregular%2Citalic%2C500%2C500italic%2C700%2C700italic%2C900%2C900italic|font_style:400%20regular%3A400%3Anormal&#8221;][\/vc_column][\/vc_row][vc_row][vc_column][vc_basic_grid post_type=&#8221;itemforsale&#8221; max_items=&#8221;50&#8243; item=&#8221;basicGrid_SlideBottomWithIcon&#8221; grid_id=&#8221;vc_gid:1665404208438-cfb880e7-42e9-5&#8243;][\/vc_column][\/vc_row][vc_row][vc_column][vc_column_text]<strong><span id=\"result_box\" class=\"\" lang=\"es\">Esta opci\u00f3n estar\u00e1 lista y funcionando pronto. <span class=\"\">Disculpen las molestias.<\/span><\/span><\/strong><\/p>\n<p>&nbsp;<\/p>\n<p>Puedes anunciar cualquier art\u00edculo que quieras poner en venta, gratuitamente, en el sitio Web, rellenando los campos del formulario de abajo. Tu anuncio ser\u00e1 enviado al administrador del sitio web para ser incluido en la categor\u00eda de Art\u00edculos para la Venta. Por favor, aseg\u00farate de dejar todos tus datos de contacto, si no, no ser\u00e1 posible publicar el anuncio.<\/p>\n<p>Los anuncios de los Art\u00edculos en Venta ser\u00e1n retirados autom\u00e1ticamente cada mes para dejar espacio a nuevos anuncios.<\/p>\n<p>La Comunidad de Propietarios de Mar Menor Golf Resort no garantiza ninguna informaci\u00f3n suministrada por los usuarios del sitio web, y no es responsable sobre ning\u00fan inconveniente que pueda surgir.[\/vc_column_text][\/vc_column][\/vc_row][vc_row][vc_column][vc_column_text]\t\t<div class=\"frontend-form-container frontend-item-container\"\r\n\t\t     style=\"\">\r\n\t\t\t\t\t\t\t\t\t<div class=\"frontend-item-messages\"><\/div>\r\n\t\t\t\t<form method=\"POST\" id=\"frontend-form-5\" class=\"frontend-post-form wp-ref\" data-form-db-id=\"5\" data-validation_plugin=\"true\" data-show_tooltips=\"true\" data-auto_save=\"false\" data-auto_save_interval=\"30\" data-post_status=\"new\" enctype=\"multipart\/form-data\">\n\t\t\t<!-- WPFEPP\\Element_Containers\\Frontend_Element_Container --><!-- WPGurus\\Forms\\Elements\\Text --><div class=\"frontend-item-container\"\r\n     style=\"\"\r\n     data-element-key=\"name\">\r\n\t<!-- WPGurus\\Forms\\Elements\\Text -->\t\t\t\t<label for=\"frontend-form-5-post-data-custom-field-name\">Nombre completo<\/label>\n\t\t\t\t<div class=\"frontend-item-messages \">\r\n\t\t\t<\/div>\r\n\t<div class=\"frontend-form-field-container\"\r\n\t     style=\"\">\r\n\t\t\t\t\t<input class=\"js-validated-field post-data-custom-field-name\" name=\"post_data[custom_field][name]\" id=\"frontend-form-5-post-data-custom-field-name\" type=\"text\" value=\"\" \/>\n\t\t\t<\/div>\r\n<!-- \/WPGurus\\Forms\\Elements\\Text --><\/div><!-- \/WPGurus\\Forms\\Elements\\Text --><!-- WPGurus\\Forms\\Elements\\Text --><div class=\"frontend-item-container\"\r\n     style=\"\"\r\n     data-element-key=\"mail\">\r\n\t<!-- WPGurus\\Forms\\Elements\\Text -->\t\t\t\t<label for=\"frontend-form-5-post-data-custom-field-mail\">E-mail<\/label>\n\t\t\t\t<div class=\"frontend-item-messages \">\r\n\t\t\t<\/div>\r\n\t<div class=\"frontend-form-field-container\"\r\n\t     style=\"\">\r\n\t\t\t\t\t<input class=\"js-validated-field post-data-custom-field-mail\" name=\"post_data[custom_field][mail]\" id=\"frontend-form-5-post-data-custom-field-mail\" type=\"text\" value=\"\" \/>\n\t\t\t<\/div>\r\n<!-- \/WPGurus\\Forms\\Elements\\Text --><\/div><!-- \/WPGurus\\Forms\\Elements\\Text --><!-- WPGurus\\Forms\\Elements\\Text --><div class=\"frontend-item-container\"\r\n     style=\"\"\r\n     data-element-key=\"address\">\r\n\t<!-- WPGurus\\Forms\\Elements\\Text -->\t\t\t\t<label for=\"frontend-form-5-post-data-custom-field-address\">Direcci\u00f3n en Mar Menor Golf<\/label>\n\t\t\t\t<div class=\"frontend-item-messages \">\r\n\t\t\t<\/div>\r\n\t<div class=\"frontend-form-field-container\"\r\n\t     style=\"\">\r\n\t\t\t\t\t<input class=\"js-validated-field post-data-custom-field-address\" name=\"post_data[custom_field][address]\" id=\"frontend-form-5-post-data-custom-field-address\" type=\"text\" value=\"\" \/>\n\t\t\t<\/div>\r\n<!-- \/WPGurus\\Forms\\Elements\\Text --><\/div><!-- \/WPGurus\\Forms\\Elements\\Text --><!-- WPGurus\\Forms\\Elements\\Text --><div class=\"frontend-item-container\"\r\n     style=\"\"\r\n     data-element-key=\"post_title\">\r\n\t<!-- WPGurus\\Forms\\Elements\\Text -->\t\t\t\t<label for=\"frontend-form-5-post-data-post-title\">T\u00edtulo<\/label>\n\t\t\t\t<div class=\"frontend-item-messages \">\r\n\t\t\t<\/div>\r\n\t<div class=\"frontend-form-field-container\"\r\n\t     style=\"\">\r\n\t\t\t\t\t<input class=\"js-validated-field post-data-post-title\" name=\"post_data[post_title]\" id=\"frontend-form-5-post-data-post-title\" type=\"text\" value=\"\" \/>\n\t\t\t<\/div>\r\n<!-- \/WPGurus\\Forms\\Elements\\Text --><\/div><!-- \/WPGurus\\Forms\\Elements\\Text --><!-- WPGurus\\Forms\\Elements\\Rich_Text --><div class=\"frontend-item-container\"\r\n     style=\"\"\r\n     data-element-key=\"post_content\">\r\n\t<!-- WPGurus\\Forms\\Elements\\Rich_Text -->\t\t\t\t<label for=\"frontend-form-5-post-data-post-content\">Descripci\u00f3n del art\u00edculo<\/label>\n\t\t\t\t<div class=\"frontend-item-messages \">\r\n\t\t\t<\/div>\r\n\t<div class=\"frontend-form-field-container\"\r\n\t     style=\"\">\r\n\t\t<div id=\"wp-frontend-form-5-post-data-post-content-wrap\" class=\"wp-core-ui wp-editor-wrap tmce-active\"><link rel='stylesheet' id='dashicons-css' href='https:\/\/www.mmgr.info\/wp-includes\/css\/dashicons.min.css?ver=6.9.4' type='text\/css' media='all' \/>\n<link rel='stylesheet' id='editor-buttons-css' href='https:\/\/www.mmgr.info\/wp-includes\/css\/editor.min.css?ver=6.9.4' type='text\/css' media='all' \/>\n<div id=\"wp-frontend-form-5-post-data-post-content-editor-tools\" class=\"wp-editor-tools hide-if-no-js\"><div class=\"wp-editor-tabs\"><button type=\"button\" id=\"frontend-form-5-post-data-post-content-tmce\" aria-pressed=\"true\" class=\"wp-switch-editor switch-tmce\" data-wp-editor-id=\"frontend-form-5-post-data-post-content\">Visual<\/button>\n<button type=\"button\" id=\"frontend-form-5-post-data-post-content-html\" class=\"wp-switch-editor switch-html\" data-wp-editor-id=\"frontend-form-5-post-data-post-content\">C\u00f3digo<\/button>\n<\/div>\n<\/div>\n<div id=\"wp-frontend-form-5-post-data-post-content-editor-container\" class=\"wp-editor-container\"><div id=\"qt_frontend-form-5-post-data-post-content_toolbar\" class=\"quicktags-toolbar hide-if-no-js\"><\/div><textarea class=\"js-validated-field post-data-post-content wp-editor-area\" style=\"height: 300px\" autocomplete=\"off\" cols=\"40\" name=\"post_data[post_content]\" id=\"frontend-form-5-post-data-post-content\"><\/textarea><\/div>\n<\/div>\n\n\t<\/div>\r\n<!-- \/WPGurus\\Forms\\Elements\\Rich_Text --><\/div><!-- \/WPGurus\\Forms\\Elements\\Rich_Text --><!-- WPGurus\\Forms\\Elements\\Media_File --><div class=\"frontend-item-container\"\r\n     style=\"\"\r\n     data-element-key=\"thumbnail\">\r\n\t<!-- WPGurus\\Forms\\Elements\\Media_File -->\t\t\t\t<label for=\"frontend-form-5-post-data-thumbnail\">Art\u00edculo en venta<\/label>\n\t\t\t\t<div class=\"frontend-item-messages \">\r\n\t\t\t<\/div>\r\n\t<div class=\"frontend-form-field-container\"\r\n\t     style=\"\">\r\n\t\t\t\t<div class=\"element-media-file element-media-file-upload-state\">\n\t\t\t\t\t\t<div class=\"element-media-file-id-input\">\n\t\t\t\t\t\t\t<input name=\"post_data[thumbnail]\" id=\"frontend-form-5-post-data-thumbnail\" class=\"post-data-thumbnail\" type=\"hidden\" value=\"\" \/>\n\t\t\t\t\t<\/div>\n\t\t\t<div class=\"element-media-file-input\">\n\t\t\t\t<!-- WPGurus\\Forms\\Elements\\File -->\t\t\t\t\t\t\t<input name=\"post_data_thumbnail_file_input\" id=\"post-data-thumbnail-file-input\" class=\"post-data-thumbnail-file-input\" type=\"file\" value=\"\" \/>\n\t\t<!-- \/WPGurus\\Forms\\Elements\\File -->\t\t\t<\/div>\n\t\t<\/div>\n\t\t\t<\/div>\r\n<!-- \/WPGurus\\Forms\\Elements\\Media_File --><\/div><!-- \/WPGurus\\Forms\\Elements\\Media_File --><!-- WPGurus\\Forms\\Elements\\Textarea --><div class=\"frontend-item-container\"\r\n     style=\"display:none;\"\r\n     data-element-key=\"post_excerpt\">\r\n\t<!-- WPGurus\\Forms\\Elements\\Textarea -->\t\t\t\t<label for=\"frontend-form-5-post-data-post-excerpt\">Excerpt<\/label>\n\t\t\t\t<div class=\"frontend-item-messages \">\r\n\t\t\t<\/div>\r\n\t<div class=\"frontend-form-field-container\"\r\n\t     style=\"\">\r\n\t\t\t\t\t<textarea class=\"js-validated-field post-data-post-excerpt\" name=\"post_data[post_excerpt]\" id=\"frontend-form-5-post-data-post-excerpt\"><\/textarea>\n\t\t\t<\/div>\r\n<!-- \/WPGurus\\Forms\\Elements\\Textarea --><\/div><!-- \/WPGurus\\Forms\\Elements\\Textarea --><!-- WPGurus\\Forms\\Elements\\Google_reCaptcha --><div class=\"frontend-item-container\"\r\n     style=\"width: 320px;\"\r\n     data-element-key=\"\">\r\n\t<!-- WPGurus\\Forms\\Elements\\Google_reCaptcha -->\t\t\t\t\t<div class=\"frontend-item-messages \">\r\n\t\t\t<\/div>\r\n\t<div class=\"frontend-form-field-container\"\r\n\t     style=\"\">\r\n\t\t\t\t<div id=\"frontend-form-5-g-recaptcha-response\" class=\"g-recaptcha\" data-sitekey=\"6LfWvi4UAAAAACo0ivBjPKw6g9iOoOnC3Niu6bmA\" data-theme=\"light\"><\/div>\r\n\t\t\t<\/div>\r\n<!-- \/WPGurus\\Forms\\Elements\\Google_reCaptcha --><\/div><!-- \/WPGurus\\Forms\\Elements\\Google_reCaptcha --><!-- WPGurus\\Forms\\Elements\\Hidden -->\t\t\t\t\t\t\t<input name=\"post_data[ID]\" id=\"frontend-form-5-post-data-ID\" class=\"post-data-ID\" type=\"hidden\" value=\"\" \/>\n\t\t<!-- \/WPGurus\\Forms\\Elements\\Hidden --><!-- WPGurus\\Forms\\Elements\\Hidden -->\t\t\t\t\t\t\t<input name=\"post_data[post_type]\" id=\"frontend-form-5-post-data-post-type\" class=\"post-data-post-type\" type=\"hidden\" value=\"itemforsale\" \/>\n\t\t<!-- \/WPGurus\\Forms\\Elements\\Hidden --><!-- WPGurus\\Forms\\Elements\\Hidden -->\t\t\t\t\t\t\t<input name=\"form_db_id\" id=\"frontend-form-5-form-db-id\" class=\"form-db-id\" type=\"hidden\" value=\"5\" \/>\n\t\t<!-- \/WPGurus\\Forms\\Elements\\Hidden --><!-- WPGurus\\Forms\\Elements\\Hidden -->\t\t\t\t\t\t\t<input name=\"action\" id=\"frontend-form-5-action\" class=\"action\" type=\"hidden\" value=\"wpfepp_handle_submission\" \/>\n\t\t<!-- \/WPGurus\\Forms\\Elements\\Hidden --><!-- WPGurus\\Forms\\Elements\\Button -->\t\t\t\t\t\t\t<button name=\"submit_button\" id=\"frontend-form-5-main-submit-button\" class=\"submit-button\" value=\"submit-form\">Submit<\/button>\n\t\t<!-- \/WPGurus\\Forms\\Elements\\Button --><span class=\"frontend-form-icon frontend-icon-loading\"><i class=\"fa fa-refresh fa-spin\"><\/i><\/span>\r\n<span class=\"frontend-form-icon frontend-icon-success\"><i class=\"fa fa-check\"><\/i><\/span>\r\n<span class=\"frontend-form-icon frontend-icon-error\"><i class=\"fa fa-times\"><\/i><\/span><!-- \/WPFEPP\\Element_Containers\\Frontend_Element_Container --><!-- WPGurus\\Forms\\Elements\\Nonce -->\t\t\t\t\t\t<input name=\"frontend-form-5_nonce\" id=\"frontend-form-5-nonce\" class=\"frontend-form-5-nonce\" value=\"0f0b882097\" type=\"hidden\" \/>\r\n\t\t<!-- \/WPGurus\\Forms\\Elements\\Nonce --><!-- WPGurus\\Forms\\Elements\\Hidden -->\t\t\t\t\t\t\t<input name=\"form_id\" id=\"frontend-form-5-form-id\" class=\"form-id\" type=\"hidden\" value=\"frontend-form-5\" \/>\n\t\t<!-- \/WPGurus\\Forms\\Elements\\Hidden -->\t\t<\/form>\n\t\t\t\t<\/div>\n<div class=\"g-recaptcha\" data-sitekey=\"6LfWvi4UAAAAACo0ivBjPKw6g9iOoOnC3Niu6bmA\">&nbsp;<\/div>\n<p>[\/vc_column_text][\/vc_column][\/vc_row][vc_row][vc_column][vc_empty_space][\/vc_column][\/vc_row]<\/p>\n<\/div>","protected":false},"excerpt":{"rendered":"<p>[vc_row][vc_column][vc_custom_heading text=&#8221;Art\u00edculos actualmente en venta:&#8221; google_fonts=&#8221;font_family:Roboto%3A100%2C100italic%2C300%2C300italic%2Cregular%2Citalic%2C500%2C500italic%2C700%2C700italic%2C900%2C900italic|font_style:400%20regular%3A400%3Anormal&#8221;][\/vc_column][\/vc_row][vc_row][vc_column][vc_basic_grid post_type=&#8221;itemforsale&#8221; max_items=&#8221;50&#8243; item=&#8221;basicGrid_SlideBottomWithIcon&#8221; grid_id=&#8221;vc_gid:1665404208438-cfb880e7-42e9-5&#8243;][\/vc_column][\/vc_row][vc_row][vc_column][vc_column_text]Esta opci\u00f3n estar\u00e1 lista y funcionando pronto. Disculpen las molestias. &nbsp; Puedes anunciar cualquier art\u00edculo que quieras poner en venta, gratuitamente, en el sitio Web, rellenando los campos del formulario de abajo. Tu anuncio ser\u00e1 enviado al administrador del sitio web para ser incluido en la [&hellip;]<\/p>\n","protected":false},"author":1,"featured_media":0,"parent":0,"menu_order":0,"comment_status":"closed","ping_status":"closed","template":"","meta":{"ngg_post_thumbnail":0,"_expiration-date-status":"saved","_expiration-date":0,"_expiration-date-type":"","_expiration-date-categories":[],"_expiration-date-options":[],"footnotes":"","_links_to":"","_links_to_target":""},"class_list":["post-24064","page","type-page","status-publish","hentry"],"_links":{"self":[{"href":"https:\/\/www.mmgr.info\/es\/wp-json\/wp\/v2\/pages\/24064","targetHints":{"allow":["GET"]}}],"collection":[{"href":"https:\/\/www.mmgr.info\/es\/wp-json\/wp\/v2\/pages"}],"about":[{"href":"https:\/\/www.mmgr.info\/es\/wp-json\/wp\/v2\/types\/page"}],"author":[{"embeddable":true,"href":"https:\/\/www.mmgr.info\/es\/wp-json\/wp\/v2\/users\/1"}],"replies":[{"embeddable":true,"href":"https:\/\/www.mmgr.info\/es\/wp-json\/wp\/v2\/comments?post=24064"}],"version-history":[{"count":5,"href":"https:\/\/www.mmgr.info\/es\/wp-json\/wp\/v2\/pages\/24064\/revisions"}],"predecessor-version":[{"id":25431,"href":"https:\/\/www.mmgr.info\/es\/wp-json\/wp\/v2\/pages\/24064\/revisions\/25431"}],"wp:attachment":[{"href":"https:\/\/www.mmgr.info\/es\/wp-json\/wp\/v2\/media?parent=24064"}],"curies":[{"name":"wp","href":"https:\/\/api.w.org\/{rel}","templated":true}]}}