{"id":2118,"date":"2017-08-01T15:07:38","date_gmt":"2017-08-01T13:07:38","guid":{"rendered":"http:\/\/local.studiarte.com\/?page_id=2118"},"modified":"2020-05-11T16:42:35","modified_gmt":"2020-05-11T14:42:35","slug":"heating-cooling-solutions-mike-chandler","status":"publish","type":"page","link":"https:\/\/www.mmgr.info\/es\/heating-cooling-solutions-mike-chandler\/","title":{"rendered":"Heating &#038; Cooling Solutions &#8211; Mike Chandler"},"content":{"rendered":"<div class=\"wpb-content-wrapper\"><p>[vc_row][vc_column width=&#8221;1\/2&#8243;]<div class=\"cq-ihover  cq-style-darkgray cq-ihover-bordermini\"  data-effect=\"effect13\" data-shape=\"square\" data-bgcolor=\"\" data-titlesize=\"\" data-titlecolor=\"\" data-descsize=\"\" data-desccolor=\"\" data-iconsize=\"\" data-iconcolor=\"\" data-containerwidth=\"\" data-captionmargintop=\"\" data-videowidth=\"\" data-bgstyle=\"darkgray\"><div class=\"cq-ihover-container\"><div class='cq-ihover-item square effect13 left_to_right'><a href='https:\/\/www.mmgr.info\/wp-content\/uploads\/2016\/11\/news_3432.jpg' class='cq-ihover-lightbox'><div class='cq-ihover-imageitem'><img src='https:\/\/www.mmgr.info\/wp-content\/uploads\/2016\/11\/news_3432.jpg' alt='' class='cq-ihover-image' \/><\/div><div class='cq-ihover-info'><div class='cq-ihover-text'><h3><span class='cq-ihover-title cq-title-solid'>Heating &amp; Cooling Solutions - Mike Chandler<\/span><\/h3><p class=\"cq-ihover-icontext\"><i class=\"cq-ihover-icon entypo-icon entypo-icon-export\"><\/i><\/p><\/div><\/div><\/a><\/div><\/div><\/div>[\/vc_column][vc_column width=&#8221;1\/2&#8243;]<div class=\"cqlist-container \" data-isclickable=\"yes\" data-clickedicon=\"fa fa-map-marker\" style=\"width:;\"><div class=\"cqlist \"><h3 style=\"color:#ffffff;background-color:#663399;\">Heating &amp; Cooling Solutions - Mike Chandler<\/h3><ul><li><a href=\"#\" class=\"todolist-btn\" data-icon=\"entypo-icon entypo-icon-location\"> <i class=\"cq-todolist-icon entypo-icon entypo-icon-location\" style=\"color:;\"><\/i> <\/a><span class=\"todolist-content\">Mar Menor Golf Resort<\/span><\/li><li><a href=\"#\" class=\"todolist-btn\" data-icon=\"entypo-icon entypo-icon-address\"> <i class=\"cq-todolist-icon entypo-icon entypo-icon-address\" style=\"color:;\"><\/i> <\/a><span class=\"todolist-content\">30700 Torre Pacheco Murcia <\/span><\/li><li><a href=\"#\" class=\"todolist-btn\" data-icon=\"entypo-icon entypo-icon-phone\"> <i class=\"cq-todolist-icon entypo-icon entypo-icon-phone\" style=\"color:;\"><\/i> <\/a><span class=\"todolist-content\"><\/span><\/li><li><a href=\"#\" class=\"todolist-btn\" data-icon=\"entypo-icon entypo-icon-mobile\"> <i class=\"cq-todolist-icon entypo-icon entypo-icon-mobile\" style=\"color:;\"><\/i> <\/a><span class=\"todolist-content\"> 0034 686 35 65 91<\/span><\/li><li><a href=\"#\" class=\"todolist-btn\" data-icon=\"entypo-icon entypo-icon-mail\"> <i class=\"cq-todolist-icon entypo-icon entypo-icon-mail\" style=\"color:;\"><\/i> <\/a><span class=\"todolist-content\">info@heatingandcoolingsolutions.org<\/span><\/li><\/ul><\/div><\/div>[vc_column_text]Servicio T\u00e9cnico e Instalador de las calderas de calefacci\u00f3n, los calentadores de agua y las m\u00e1quinas de aire acondicionado y se ofrecen reparaciones, instalaciones y revisiones. Se dedic\u00f3 a \u00e9sta profesi\u00f3n desde el a\u00f1o 1987, trabajando con las mejores fabricantes del Reino \u00danido (Ideal, Baxi, Vaillant, Saunier Duval). Consultante y dise\u00f1o. Placas solares y soluciones medioambientales.[\/vc_column_text][\/vc_column][\/vc_row]<\/p>\n<\/div>","protected":false},"excerpt":{"rendered":"<p>[vc_row][vc_column width=&#8221;1\/2&#8243;][\/vc_column][vc_column width=&#8221;1\/2&#8243;][vc_column_text]Servicio T\u00e9cnico e Instalador de las calderas de calefacci\u00f3n, los calentadores de agua y las m\u00e1quinas de aire acondicionado y se ofrecen reparaciones, instalaciones y revisiones. Se dedic\u00f3 a \u00e9sta profesi\u00f3n desde el a\u00f1o 1987, trabajando con las mejores fabricantes del Reino \u00danido (Ideal, Baxi, Vaillant, Saunier Duval). Consultante y dise\u00f1o. Placas solares [&hellip;]<\/p>\n","protected":false},"author":1,"featured_media":0,"parent":0,"menu_order":0,"comment_status":"closed","ping_status":"closed","template":"","meta":{"ngg_post_thumbnail":0,"_expiration-date-status":"saved","_expiration-date":0,"_expiration-date-type":"","_expiration-date-categories":[],"_expiration-date-options":[],"footnotes":"","_links_to":"","_links_to_target":""},"class_list":["post-2118","page","type-page","status-publish","hentry"],"_links":{"self":[{"href":"https:\/\/www.mmgr.info\/es\/wp-json\/wp\/v2\/pages\/2118","targetHints":{"allow":["GET"]}}],"collection":[{"href":"https:\/\/www.mmgr.info\/es\/wp-json\/wp\/v2\/pages"}],"about":[{"href":"https:\/\/www.mmgr.info\/es\/wp-json\/wp\/v2\/types\/page"}],"author":[{"embeddable":true,"href":"https:\/\/www.mmgr.info\/es\/wp-json\/wp\/v2\/users\/1"}],"replies":[{"embeddable":true,"href":"https:\/\/www.mmgr.info\/es\/wp-json\/wp\/v2\/comments?post=2118"}],"version-history":[{"count":3,"href":"https:\/\/www.mmgr.info\/es\/wp-json\/wp\/v2\/pages\/2118\/revisions"}],"predecessor-version":[{"id":14558,"href":"https:\/\/www.mmgr.info\/es\/wp-json\/wp\/v2\/pages\/2118\/revisions\/14558"}],"wp:attachment":[{"href":"https:\/\/www.mmgr.info\/es\/wp-json\/wp\/v2\/media?parent=2118"}],"curies":[{"name":"wp","href":"https:\/\/api.w.org\/{rel}","templated":true}]}}